{"id":11,"date":"2014-01-27T11:39:16","date_gmt":"2014-01-27T11:39:16","guid":{"rendered":"http:\/\/facilitamos.catedu.es\/fpadministracionygestion\/?page_id=11"},"modified":"2014-10-30T12:50:04","modified_gmt":"2014-10-30T12:50:04","slug":"unidades-didacticas","status":"publish","type":"page","link":"https:\/\/facilitamos.catedu.es\/fpadministracionygestion\/","title":{"rendered":"Unidades Did\u00e1cticas"},"content":{"rendered":"<p>Ciclo Formativo de Grado Medio<\/p>\n<p>Operaciones Administrativas de Recursos Humanos.<\/p>\n<p>Gesti\u00f3n Administrativa, dentro del m\u00f3dulo<\/p>\n<p><em>Colaborador:<strong>\u00a0\u00d3scar S\u00e1nchez Estella<\/strong><\/em><\/p>\n<p>UD1-\u00a0<a href=\"http:\/\/facilitamos.catedu.es\/fpadministracionygestion\/?p=42\" target=\"_blank\">EL CONTRATO DE TRABAJO<\/a><\/p>\n<p>UD2- <a href=\"http:\/\/facilitamos.catedu.es\/fpadministracionygestion\/?p=57\" target=\"_blank\">EL SALARIO<\/a><\/p>\n<p>UD3- <a href=\"http:\/\/facilitamos.catedu.es\/fpadministracionygestion\/?p=61\" target=\"_blank\">SUSPENSI\u00d3N, MODIFICACI\u00d3N Y EXTINCI\u00d3N DEL CONTRATO DE TRABAJO<\/a><\/p>\n","protected":false},"excerpt":{"rendered":"<p>Ciclo Formativo de Grado Medio Operaciones Administrativas de Recursos Humanos. Gesti\u00f3n Administrativa, dentro del m\u00f3dulo Colaborador:\u00a0\u00d3scar S\u00e1nchez Estella UD1-\u00a0EL CONTRATO DE TRABAJO UD2- EL SALARIO UD3- SUSPENSI\u00d3N, MODIFICACI\u00d3N Y EXTINCI\u00d3N DEL CONTRATO DE TRABAJO<\/p>\n","protected":false},"author":1,"featured_media":0,"parent":0,"menu_order":0,"comment_status":"open","ping_status":"open","template":"","meta":{"_monsterinsights_skip_tracking":false,"_monsterinsights_sitenote_active":false,"_monsterinsights_sitenote_note":"","_monsterinsights_sitenote_category":0,"footnotes":""},"class_list":["post-11","page","type-page","status-publish","hentry"],"_links":{"self":[{"href":"https:\/\/facilitamos.catedu.es\/fpadministracionygestion\/wp-json\/wp\/v2\/pages\/11","targetHints":{"allow":["GET"]}}],"collection":[{"href":"https:\/\/facilitamos.catedu.es\/fpadministracionygestion\/wp-json\/wp\/v2\/pages"}],"about":[{"href":"https:\/\/facilitamos.catedu.es\/fpadministracionygestion\/wp-json\/wp\/v2\/types\/page"}],"author":[{"embeddable":true,"href":"https:\/\/facilitamos.catedu.es\/fpadministracionygestion\/wp-json\/wp\/v2\/users\/1"}],"replies":[{"embeddable":true,"href":"https:\/\/facilitamos.catedu.es\/fpadministracionygestion\/wp-json\/wp\/v2\/comments?post=11"}],"version-history":[{"count":6,"href":"https:\/\/facilitamos.catedu.es\/fpadministracionygestion\/wp-json\/wp\/v2\/pages\/11\/revisions"}],"predecessor-version":[{"id":73,"href":"https:\/\/facilitamos.catedu.es\/fpadministracionygestion\/wp-json\/wp\/v2\/pages\/11\/revisions\/73"}],"wp:attachment":[{"href":"https:\/\/facilitamos.catedu.es\/fpadministracionygestion\/wp-json\/wp\/v2\/media?parent=11"}],"curies":[{"name":"wp","href":"https:\/\/api.w.org\/{rel}","templated":true}]}}