{"id":11,"date":"2014-01-27T11:39:15","date_gmt":"2014-01-27T11:39:15","guid":{"rendered":"http:\/\/facilitamos.catedu.es\/fpinformatica\/?page_id=11"},"modified":"2014-10-30T12:48:21","modified_gmt":"2014-10-30T12:48:21","slug":"unidades-didacticas","status":"publish","type":"page","link":"https:\/\/facilitamos.catedu.es\/fpinformatica\/","title":{"rendered":"Unidades Did\u00e1cticas"},"content":{"rendered":"<p><strong>Redes Locales.<\/strong><\/p>\n<p>Grado medio.<\/p>\n<p><em>Colaboradora:<strong>\u00a0Jos\u00e9 Luis Garc\u00eda Aparici<\/strong><\/em><\/p>\n<ul>\n<li>Unidad did\u00e1ctica 1. <a href=\"https:\/\/facilitamos.catedu.es\/fpinformatica\/unidad-didactica\/unidad-1-caracterizacion-de-redes-locales\/\" target=\"_blank\">Caracterizaci\u00f3n de redes locales<\/a><\/li>\n<li>Unidad did\u00e1ctica 2. <a href=\"https:\/\/facilitamos.catedu.es\/fpinformatica\/?p=42\" target=\"_blank\">Normas de prevenci\u00f3n de riesgos laborables y protecci\u00f3n ambiental en redes locales<\/a><\/li>\n<li>Unidad did\u00e1ctica 3. <a href=\"https:\/\/facilitamos.catedu.es\/fpinformatica\/?p=43\" target=\"_blank\">Identificaci\u00f3n de elementos y espacios f\u00edsicos de una red local<\/a><\/li>\n<li>Unidad did\u00e1ctica 4. <a href=\"https:\/\/facilitamos.catedu.es\/fpinformatica\/?p=50\" target=\"_blank\">Manipulaci\u00f3n de elementos y espacios f\u00edsicos de una red local<\/a><\/li>\n<li>Unidad did\u00e1ctica 5. <a href=\"https:\/\/facilitamos.catedu.es\/fpinformatica\/?p=51\" target=\"_blank\">Homologaci\u00f3n, normalizaci\u00f3n, verificaci\u00f3n y testeo de redes<\/a><\/li>\n<li>Unidad did\u00e1ctica 6. <a href=\"https:\/\/facilitamos.catedu.es\/fpinformatica\/?p=68\" target=\"_blank\">Instalaci\u00f3n\/configuraci\u00f3n de los equipos de red<\/a>.<\/li>\n<li>Unidad did\u00e1ctica 7. <a href=\"https:\/\/facilitamos.catedu.es\/fpinformatica\/?p=69\" target=\"_blank\">Interconexi\u00f3n de equipos \u00a0en redes locales<\/a>.<\/li>\n<li>Unidad did\u00e1ctica 8. <a href=\"https:\/\/facilitamos.catedu.es\/fpinformatica\/?p=67\" target=\"_blank\">Seguridad b\u00e1sica en redes cableadas e inal\u00e1mbricas<\/a><\/li>\n<li>Unidad did\u00e1ctica 9. <a href=\"https:\/\/facilitamos.catedu.es\/fpinformatica\/?p=72\" target=\"_blank\">Resoluci\u00f3n de incidencias de una red de \u00e1rea local<\/a><\/li>\n<\/ul>\n","protected":false},"excerpt":{"rendered":"<p>Redes Locales. Grado medio. Colaboradora:\u00a0Jos\u00e9 Luis Garc\u00eda Aparici Unidad did\u00e1ctica 1. Caracterizaci\u00f3n de redes locales Unidad did\u00e1ctica 2. Normas de prevenci\u00f3n de riesgos laborables y protecci\u00f3n ambiental en redes locales Unidad did\u00e1ctica 3. Identificaci\u00f3n de elementos y espacios f\u00edsicos de &hellip;<\/p>\n<p class=\"read-more\"> <a class=\"more-link\" href=\"https:\/\/facilitamos.catedu.es\/fpinformatica\/\"> <span class=\"screen-reader-text\">Unidades Did\u00e1cticas<\/span> Leer m\u00e1s \u00bb<\/a><\/p>\n","protected":false},"author":1,"featured_media":0,"parent":0,"menu_order":0,"comment_status":"open","ping_status":"open","template":"","meta":{"_monsterinsights_skip_tracking":false,"_monsterinsights_sitenote_active":false,"_monsterinsights_sitenote_note":"","_monsterinsights_sitenote_category":0,"footnotes":""},"class_list":["post-11","page","type-page","status-publish","hentry"],"_links":{"self":[{"href":"https:\/\/facilitamos.catedu.es\/fpinformatica\/wp-json\/wp\/v2\/pages\/11","targetHints":{"allow":["GET"]}}],"collection":[{"href":"https:\/\/facilitamos.catedu.es\/fpinformatica\/wp-json\/wp\/v2\/pages"}],"about":[{"href":"https:\/\/facilitamos.catedu.es\/fpinformatica\/wp-json\/wp\/v2\/types\/page"}],"author":[{"embeddable":true,"href":"https:\/\/facilitamos.catedu.es\/fpinformatica\/wp-json\/wp\/v2\/users\/1"}],"replies":[{"embeddable":true,"href":"https:\/\/facilitamos.catedu.es\/fpinformatica\/wp-json\/wp\/v2\/comments?post=11"}],"version-history":[{"count":17,"href":"https:\/\/facilitamos.catedu.es\/fpinformatica\/wp-json\/wp\/v2\/pages\/11\/revisions"}],"predecessor-version":[{"id":177,"href":"https:\/\/facilitamos.catedu.es\/fpinformatica\/wp-json\/wp\/v2\/pages\/11\/revisions\/177"}],"wp:attachment":[{"href":"https:\/\/facilitamos.catedu.es\/fpinformatica\/wp-json\/wp\/v2\/media?parent=11"}],"curies":[{"name":"wp","href":"https:\/\/api.w.org\/{rel}","templated":true}]}}