{"id":11,"date":"2014-01-27T10:53:02","date_gmt":"2014-01-27T10:53:02","guid":{"rendered":"http:\/\/facilitamos.catedu.es\/primariaconocimientodelmedio\/?page_id=11"},"modified":"2014-10-30T12:25:37","modified_gmt":"2014-10-30T12:25:37","slug":"unidades-didacticas","status":"publish","type":"page","link":"https:\/\/facilitamos.catedu.es\/primariaconocimientodelmedio\/","title":{"rendered":"Unidades Did\u00e1cticas"},"content":{"rendered":"<p><strong>5\u00ba de Primaria<\/strong><\/p>\n<p><em>Colaboradora:<strong>\u00a0Mar\u00eda Buil Laguarta<\/strong><\/em><\/p>\n<ul>\n<li>Unidad did\u00e1ctica \u00a01:\u00a0<a href=\"https:\/\/facilitamos.catedu.es\/primariaconocimientodelmedio\/?p=160\" target=\"_blank\">Los seres vivos<\/a><\/li>\n<li>Unidad did\u00e1ctica \u00a02:\u00a0<a href=\"https:\/\/facilitamos.catedu.es\/primariaconocimientodelmedio\/?p=177\" target=\"_blank\">Las plantas<\/a><\/li>\n<li>Unidad did\u00e1ctica \u00a03:\u00a0<a href=\"https:\/\/facilitamos.catedu.es\/primariaconocimientodelmedio\/?p=182\" target=\"_blank\">Los Animales<\/a><\/li>\n<li>Unidad did\u00e1ctica \u00a04:\u00a0<a href=\"https:\/\/facilitamos.catedu.es\/primariaconocimientodelmedio\/?p=197\" target=\"_blank\">Nutrici\u00f3n I<\/a><\/li>\n<li>Unidad did\u00e1ctica 5:\u00a0<a href=\"https:\/\/facilitamos.catedu.es\/primariaconocimientodelmedio\/?p=200\" target=\"_blank\">La Nutrici\u00f3n II<\/a><\/li>\n<li>Unidad did\u00e1ctica \u00a06: <a href=\"https:\/\/facilitamos.catedu.es\/primariaconocimientodelmedio\/?p=154\" target=\"_blank\">El Sistema Solar<\/a><\/li>\n<li>Unidad did\u00e1ctica \u00a07: \u00a0<a href=\"https:\/\/facilitamos.catedu.es\/primariaconocimientodelmedio\/?p=45\" target=\"_blank\">La materia<\/a><\/li>\n<li>Unidad did\u00e1ctica \u00a08: \u00a0<a href=\"https:\/\/facilitamos.catedu.es\/primariaconocimientodelmedio\/?p=55\" target=\"_blank\">El relieve<\/a><\/li>\n<li>Unidad did\u00e1ctica \u00a09: \u00a0<a href=\"https:\/\/facilitamos.catedu.es\/primariaconocimientodelmedio\/?p=81\" target=\"_blank\">Water is life<\/a><\/li>\n<li>Unidad did\u00e1ctica 10: <a href=\"https:\/\/facilitamos.catedu.es\/primariaconocimientodelmedio\/?p=98\" target=\"_blank\">El clima en Espa\u00f1a y en Arag\u00f3n<\/a><\/li>\n<li>Unidad did\u00e1ctica 11:\u00a0<a href=\"https:\/\/facilitamos.catedu.es\/primariaconocimientodelmedio\/?p=144\" target=\"_blank\">Sociedad y Poblaci\u00f3n<\/a><\/li>\n<li>Unidad did\u00e1ctica 12: <a href=\"https:\/\/facilitamos.catedu.es\/primariaconocimientodelmedio\/?p=139\" target=\"_blank\">La organizaci\u00f3n territorial de Espa\u00f1a y Arag\u00f3n<\/a><\/li>\n<li>Unidad did\u00e1ctica 13: <a href=\"https:\/\/facilitamos.catedu.es\/primariaconocimientodelmedio\/?p=127\" target=\"_blank\">La Prehistoria<\/a><\/li>\n<li>Unidad did\u00e1ctica 14: <a href=\"https:\/\/facilitamos.catedu.es\/primariaconocimientodelmedio\/unidad-didactica\/ud14-edad-antigua\/\" target=\"_blank\">Edad Antigua<\/a><\/li>\n<li>Unidad did\u00e1ctica 15: <a href=\"https:\/\/facilitamos.catedu.es\/primariaconocimientodelmedio\/?p=116\" target=\"_blank\">La Edad Media<\/a><\/li>\n<\/ul>\n<p>&nbsp;<\/p>\n","protected":false},"excerpt":{"rendered":"<p>5\u00ba de Primaria Colaboradora:\u00a0Mar\u00eda Buil Laguarta Unidad did\u00e1ctica \u00a01:\u00a0Los seres vivos Unidad did\u00e1ctica \u00a02:\u00a0Las plantas Unidad did\u00e1ctica \u00a03:\u00a0Los Animales Unidad did\u00e1ctica \u00a04:\u00a0Nutrici\u00f3n I Unidad did\u00e1ctica 5:\u00a0La Nutrici\u00f3n II Unidad did\u00e1ctica \u00a06: El Sistema Solar Unidad did\u00e1ctica \u00a07: \u00a0La materia Unidad &hellip;<\/p>\n<p class=\"read-more\"> <a class=\"more-link\" href=\"https:\/\/facilitamos.catedu.es\/primariaconocimientodelmedio\/\"> <span class=\"screen-reader-text\">Unidades Did\u00e1cticas<\/span> Leer m\u00e1s \u00bb<\/a><\/p>\n","protected":false},"author":1,"featured_media":0,"parent":0,"menu_order":0,"comment_status":"open","ping_status":"open","template":"","meta":{"_monsterinsights_skip_tracking":false,"_monsterinsights_sitenote_active":false,"_monsterinsights_sitenote_note":"","_monsterinsights_sitenote_category":0,"footnotes":""},"class_list":["post-11","page","type-page","status-publish","hentry"],"_links":{"self":[{"href":"https:\/\/facilitamos.catedu.es\/primariaconocimientodelmedio\/wp-json\/wp\/v2\/pages\/11","targetHints":{"allow":["GET"]}}],"collection":[{"href":"https:\/\/facilitamos.catedu.es\/primariaconocimientodelmedio\/wp-json\/wp\/v2\/pages"}],"about":[{"href":"https:\/\/facilitamos.catedu.es\/primariaconocimientodelmedio\/wp-json\/wp\/v2\/types\/page"}],"author":[{"embeddable":true,"href":"https:\/\/facilitamos.catedu.es\/primariaconocimientodelmedio\/wp-json\/wp\/v2\/users\/1"}],"replies":[{"embeddable":true,"href":"https:\/\/facilitamos.catedu.es\/primariaconocimientodelmedio\/wp-json\/wp\/v2\/comments?post=11"}],"version-history":[{"count":20,"href":"https:\/\/facilitamos.catedu.es\/primariaconocimientodelmedio\/wp-json\/wp\/v2\/pages\/11\/revisions"}],"predecessor-version":[{"id":226,"href":"https:\/\/facilitamos.catedu.es\/primariaconocimientodelmedio\/wp-json\/wp\/v2\/pages\/11\/revisions\/226"}],"wp:attachment":[{"href":"https:\/\/facilitamos.catedu.es\/primariaconocimientodelmedio\/wp-json\/wp\/v2\/media?parent=11"}],"curies":[{"name":"wp","href":"https:\/\/api.w.org\/{rel}","templated":true}]}}