{"id":11,"date":"2014-01-27T10:52:59","date_gmt":"2014-01-27T10:52:59","guid":{"rendered":"http:\/\/facilitamos.catedu.es\/primariamatematicas\/?page_id=11"},"modified":"2014-10-30T12:22:05","modified_gmt":"2014-10-30T12:22:05","slug":"unidades-didacticas","status":"publish","type":"page","link":"https:\/\/facilitamos.catedu.es\/primariamatematicas\/","title":{"rendered":"Unidades Did\u00e1cticas"},"content":{"rendered":"<p><strong>6\u00ba de Primaria<\/strong><\/p>\n<p><em>Colaboradora:<strong>\u00a0Rebeca Lafuente S\u00e1nchez<\/strong><\/em><\/p>\n<ol>\n<li><a title=\"LOS N\u00daMEROS NATURALES\" href=\"http:\/\/facilitamos.catedu.es\/primariamatematicas\/?p=54\" target=\"_blank\">LOS N\u00daMEROS NATURALES<\/a><\/li>\n<li><a href=\"http:\/\/facilitamos.catedu.es\/primariamatematicas\/?p=134\" target=\"_blank\">POTENCIAS Y RA\u00cdCES CUADRADAS<\/a><\/li>\n<li><a title=\"N\u00fameros Enteros\" href=\"http:\/\/facilitamos.catedu.es\/primariamatematicas\/?p=86\" target=\"_blank\">LOS N\u00daMEROS ENTEROS<\/a><\/li>\n<li><a href=\"http:\/\/facilitamos.catedu.es\/primariamatematicas\/?p=370\" target=\"_blank\">M\u00daLTIPLOS Y DIVISORES<\/a><\/li>\n<li><a href=\"http:\/\/facilitamos.catedu.es\/primariamatematicas\/?p=357\" target=\"_blank\">LAS FRACCIONES<\/a><\/li>\n<li><a href=\"http:\/\/facilitamos.catedu.es\/primariamatematicas\/?p=339\" target=\"_blank\">LOS N\u00daMEROS DECIMALES<\/a><\/li>\n<li><a href=\"http:\/\/facilitamos.catedu.es\/primariamatematicas\/?p=237\" target=\"_blank\">UNIDADES DE MEDIDA<\/a><\/li>\n<li><a href=\"http:\/\/facilitamos.catedu.es\/primariamatematicas\/?p=292\" target=\"_blank\">\u00c1NGULOS Y FIGURAS PLANAS<\/a><\/li>\n<li><a href=\"http:\/\/facilitamos.catedu.es\/primariamatematicas\/?p=156\" target=\"_blank\">EL \u00c1REA Y EL VOLUMEN<\/a><\/li>\n<li><a href=\"http:\/\/facilitamos.catedu.es\/primariamatematicas\/?p=211\" target=\"_blank\">PROPORCIONALIDAD, PORCENTAJES Y ESTAD\u00cdSTICA<\/a><\/li>\n<\/ol>\n","protected":false},"excerpt":{"rendered":"<p>6\u00ba de Primaria Colaboradora:\u00a0Rebeca Lafuente S\u00e1nchez LOS N\u00daMEROS NATURALES POTENCIAS Y RA\u00cdCES CUADRADAS LOS N\u00daMEROS ENTEROS M\u00daLTIPLOS Y DIVISORES LAS FRACCIONES LOS N\u00daMEROS DECIMALES UNIDADES DE MEDIDA \u00c1NGULOS Y FIGURAS PLANAS EL \u00c1REA Y EL VOLUMEN PROPORCIONALIDAD, PORCENTAJES Y ESTAD\u00cdSTICA<\/p>\n","protected":false},"author":1,"featured_media":0,"parent":0,"menu_order":0,"comment_status":"open","ping_status":"open","template":"","meta":{"_monsterinsights_skip_tracking":false,"_monsterinsights_sitenote_active":false,"_monsterinsights_sitenote_note":"","_monsterinsights_sitenote_category":0,"footnotes":""},"class_list":["post-11","page","type-page","status-publish","hentry"],"_links":{"self":[{"href":"https:\/\/facilitamos.catedu.es\/primariamatematicas\/wp-json\/wp\/v2\/pages\/11","targetHints":{"allow":["GET"]}}],"collection":[{"href":"https:\/\/facilitamos.catedu.es\/primariamatematicas\/wp-json\/wp\/v2\/pages"}],"about":[{"href":"https:\/\/facilitamos.catedu.es\/primariamatematicas\/wp-json\/wp\/v2\/types\/page"}],"author":[{"embeddable":true,"href":"https:\/\/facilitamos.catedu.es\/primariamatematicas\/wp-json\/wp\/v2\/users\/1"}],"replies":[{"embeddable":true,"href":"https:\/\/facilitamos.catedu.es\/primariamatematicas\/wp-json\/wp\/v2\/comments?post=11"}],"version-history":[{"count":16,"href":"https:\/\/facilitamos.catedu.es\/primariamatematicas\/wp-json\/wp\/v2\/pages\/11\/revisions"}],"predecessor-version":[{"id":437,"href":"https:\/\/facilitamos.catedu.es\/primariamatematicas\/wp-json\/wp\/v2\/pages\/11\/revisions\/437"}],"wp:attachment":[{"href":"https:\/\/facilitamos.catedu.es\/primariamatematicas\/wp-json\/wp\/v2\/media?parent=11"}],"curies":[{"name":"wp","href":"https:\/\/api.w.org\/{rel}","templated":true}]}}