{"id":14,"date":"2014-01-27T10:27:33","date_gmt":"2014-01-27T10:27:33","guid":{"rendered":"http:\/\/facilitamos.catedu.es\/secundariasocialesehistoria\/?page_id=14"},"modified":"2014-10-30T12:44:30","modified_gmt":"2014-10-30T12:44:30","slug":"unidades-didacticas","status":"publish","type":"page","link":"https:\/\/facilitamos.catedu.es\/secundariacienciassociales\/","title":{"rendered":"Unidades Did\u00e1cticas"},"content":{"rendered":"<p><strong>\u00a03\u00ba de ESO<\/strong><\/p>\n<p><em>Colaborador:<strong>\u00a0Carlos Guallart Moreno<\/strong><\/em><\/p>\n<p>1. <a href=\"https:\/\/facilitamos.catedu.es\/secundariacienciassociales\/?p=110\" target=\"_blank\">Organizaci\u00f3n pol\u00edtica y espacio geogr\u00e1fico: la organizaci\u00f3n pol\u00edtica de las sociedades<\/a>.<\/p>\n<p>2. <a href=\"https:\/\/facilitamos.catedu.es\/secundariacienciassociales\/?p=143\" target=\"_blank\">Actividad econ\u00f3mica y espacio geogr\u00e1fico<\/a>.<\/p>\n<p>3. <a href=\"https:\/\/facilitamos.catedu.es\/secundariacienciassociales\/?p=168\" target=\"_blank\">Transformaciones y desequilibrios en el mundo actual<\/a><\/p>\n","protected":false},"excerpt":{"rendered":"<p>\u00a03\u00ba de ESO Colaborador:\u00a0Carlos Guallart Moreno 1. Organizaci\u00f3n pol\u00edtica y espacio geogr\u00e1fico: la organizaci\u00f3n pol\u00edtica de las sociedades. 2. Actividad econ\u00f3mica y espacio geogr\u00e1fico. 3. Transformaciones y desequilibrios en el mundo actual<\/p>\n","protected":false},"author":1,"featured_media":0,"parent":0,"menu_order":0,"comment_status":"open","ping_status":"open","template":"","meta":{"_monsterinsights_skip_tracking":false,"_monsterinsights_sitenote_active":false,"_monsterinsights_sitenote_note":"","_monsterinsights_sitenote_category":0,"footnotes":""},"class_list":["post-14","page","type-page","status-publish","hentry"],"_links":{"self":[{"href":"https:\/\/facilitamos.catedu.es\/secundariacienciassociales\/wp-json\/wp\/v2\/pages\/14","targetHints":{"allow":["GET"]}}],"collection":[{"href":"https:\/\/facilitamos.catedu.es\/secundariacienciassociales\/wp-json\/wp\/v2\/pages"}],"about":[{"href":"https:\/\/facilitamos.catedu.es\/secundariacienciassociales\/wp-json\/wp\/v2\/types\/page"}],"author":[{"embeddable":true,"href":"https:\/\/facilitamos.catedu.es\/secundariacienciassociales\/wp-json\/wp\/v2\/users\/1"}],"replies":[{"embeddable":true,"href":"https:\/\/facilitamos.catedu.es\/secundariacienciassociales\/wp-json\/wp\/v2\/comments?post=14"}],"version-history":[{"count":10,"href":"https:\/\/facilitamos.catedu.es\/secundariacienciassociales\/wp-json\/wp\/v2\/pages\/14\/revisions"}],"predecessor-version":[{"id":224,"href":"https:\/\/facilitamos.catedu.es\/secundariacienciassociales\/wp-json\/wp\/v2\/pages\/14\/revisions\/224"}],"wp:attachment":[{"href":"https:\/\/facilitamos.catedu.es\/secundariacienciassociales\/wp-json\/wp\/v2\/media?parent=14"}],"curies":[{"name":"wp","href":"https:\/\/api.w.org\/{rel}","templated":true}]}}