{"id":11,"date":"2014-01-27T11:39:01","date_gmt":"2014-01-27T11:39:01","guid":{"rendered":"http:\/\/facilitamos.catedu.es\/secundariaclasicas\/?page_id=11"},"modified":"2014-10-30T12:45:19","modified_gmt":"2014-10-30T12:45:19","slug":"unidades-didacticas","status":"publish","type":"page","link":"https:\/\/facilitamos.catedu.es\/secundariaclasicas\/","title":{"rendered":"Unidades Did\u00e1cticas"},"content":{"rendered":"<p><strong><span style=\"color: #222222\">3\u00ba de ESO<\/span><\/strong><\/p>\n<p><em>Colaborador:<strong>\u00a0Crist\u00f3bal Barea Torres<\/strong><\/em><\/p>\n<p>UD1-\u00a0<a href=\"https:\/\/facilitamos.catedu.es\/secundariaclasicas\/?p=46\" target=\"_blank\">Las lenguas cl\u00e1sicas \u00a0y el l\u00e9xico de origen grecolatino<\/a><\/p>\n<p>UD2- <a href=\"https:\/\/facilitamos.catedu.es\/secundariaclasicas\/?p=86\" target=\"_blank\">La antig\u00fcedad cl\u00e1sica y su influencia. La romanizaci\u00f3n de pen\u00ednsula ib\u00e9rica<\/a><\/p>\n<p>UD3- <a href=\"https:\/\/facilitamos.catedu.es\/secundariaclasicas\/?p=118\" target=\"_blank\">El arte, la literatura y el pensamiento de Grecia y Roma<\/a><\/p>\n","protected":false},"excerpt":{"rendered":"<p>3\u00ba de ESO Colaborador:\u00a0Crist\u00f3bal Barea Torres UD1-\u00a0Las lenguas cl\u00e1sicas \u00a0y el l\u00e9xico de origen grecolatino UD2- La antig\u00fcedad cl\u00e1sica y su influencia. La romanizaci\u00f3n de pen\u00ednsula ib\u00e9rica UD3- El arte, la literatura y el pensamiento de Grecia y Roma<\/p>\n","protected":false},"author":1,"featured_media":0,"parent":0,"menu_order":0,"comment_status":"open","ping_status":"open","template":"","meta":{"_monsterinsights_skip_tracking":false,"_monsterinsights_sitenote_active":false,"_monsterinsights_sitenote_note":"","_monsterinsights_sitenote_category":0,"footnotes":""},"class_list":["post-11","page","type-page","status-publish","hentry"],"_links":{"self":[{"href":"https:\/\/facilitamos.catedu.es\/secundariaclasicas\/wp-json\/wp\/v2\/pages\/11","targetHints":{"allow":["GET"]}}],"collection":[{"href":"https:\/\/facilitamos.catedu.es\/secundariaclasicas\/wp-json\/wp\/v2\/pages"}],"about":[{"href":"https:\/\/facilitamos.catedu.es\/secundariaclasicas\/wp-json\/wp\/v2\/types\/page"}],"author":[{"embeddable":true,"href":"https:\/\/facilitamos.catedu.es\/secundariaclasicas\/wp-json\/wp\/v2\/users\/1"}],"replies":[{"embeddable":true,"href":"https:\/\/facilitamos.catedu.es\/secundariaclasicas\/wp-json\/wp\/v2\/comments?post=11"}],"version-history":[{"count":6,"href":"https:\/\/facilitamos.catedu.es\/secundariaclasicas\/wp-json\/wp\/v2\/pages\/11\/revisions"}],"predecessor-version":[{"id":156,"href":"https:\/\/facilitamos.catedu.es\/secundariaclasicas\/wp-json\/wp\/v2\/pages\/11\/revisions\/156"}],"wp:attachment":[{"href":"https:\/\/facilitamos.catedu.es\/secundariaclasicas\/wp-json\/wp\/v2\/media?parent=11"}],"curies":[{"name":"wp","href":"https:\/\/api.w.org\/{rel}","templated":true}]}}