{"id":9,"date":"2014-01-27T10:53:10","date_gmt":"2014-01-27T10:53:10","guid":{"rendered":"http:\/\/facilitamos.catedu.es\/secundarialengua\/?page_id=9"},"modified":"2014-10-30T12:38:26","modified_gmt":"2014-10-30T12:38:26","slug":"unidades-didacticas","status":"publish","type":"page","link":"https:\/\/facilitamos.catedu.es\/secundarialengua\/","title":{"rendered":"Unidades Did\u00e1cticas"},"content":{"rendered":"<p><strong>3\u00ba de E.S.O<\/strong>.<\/p>\n<p><em>Colaboradoras:<strong>\u00a0Ana Carrasquer Senar, Mar\u00eda Soledad Catal\u00e1n Mart\u00edn, Mar\u00eda Teresa Sainz Pezonaga, Mar\u00eda Dolores V\u00e1zquez Miranda.<\/strong><\/em><\/p>\n<p>1.- \u00a0<a title=\"UD1. EL TEXTO. TEXTOS ORALES Y ESCRITOS\" href=\"https:\/\/facilitamos.catedu.es\/secundarialengua\/?p=42\" target=\"_blank\">EL TEXTO: TEXTOS ORALES Y ESCRITOS<\/a><\/p>\n<p>2.- \u00a0<a title=\"UD2. TEXTOS DEL \u00c1MBITO ACAD\u00c9MICO\" href=\"https:\/\/facilitamos.catedu.es\/secundarialengua\/?p=55\" target=\"_blank\">TEXTOS DEL \u00c1MBITO ACAD\u00c9MICO<\/a><\/p>\n<p>3.-\u00a0<a href=\"https:\/\/facilitamos.catedu.es\/secundarialengua\/?p=71\" target=\"_blank\">\u00a0TEXTOS DE LOS MEDIOS DE COMUNICACI\u00d3N<\/a><\/p>\n<p>4.- \u00a0<a href=\"https:\/\/facilitamos.catedu.es\/secundarialengua\/?p=72\" target=\"_blank\">TEXTOS DE LA VIDA COTIDIANA Y DE LAS RELACIONES SOCIALES<\/a><\/p>\n<p>5.- \u00a0<a href=\"https:\/\/facilitamos.catedu.es\/secundarialengua\/?p=189\" target=\"_blank\">LENGUA Y HABLA<\/a><\/p>\n<p>6.- \u00a0<a href=\"https:\/\/facilitamos.catedu.es\/secundarialengua\/?p=230\" target=\"_blank\">PALABRAS, ENUNCIADOS Y SINTAGMAS<\/a><\/p>\n<p>7.- \u00a0<a href=\"https:\/\/facilitamos.catedu.es\/secundarialengua\/?p=231\" target=\"_blank\">EL SUJETO Y EL SINTAGMA NOMINAL<\/a><\/p>\n<p>8.- \u00a0<a href=\"https:\/\/facilitamos.catedu.es\/secundarialengua\/?p=232\" target=\"_blank\">EL PREDICADO Y EL SINTAGMA VERBAL<\/a><\/p>\n<p>9.- \u00a0<a href=\"https:\/\/facilitamos.catedu.es\/secundarialengua\/?p=251\" target=\"_blank\">LA LENGUA LITERARIA<\/a><\/p>\n<p>10.-\u00a0<a title=\"LA LITERATURA ESPA\u00d1OLA MEDIEVAL\" href=\"https:\/\/facilitamos.catedu.es\/secundarialengua\/?p=91\" target=\"_blank\">LA LITERATURA ESPA\u00d1OLA MEDIEVAL<\/a><\/p>\n<p>11.-\u00a0<a href=\"https:\/\/facilitamos.catedu.es\/secundarialengua\/?p=254\" target=\"_blank\">LA LITERATURA DEL S. XV. LA CELESTINA<\/a><\/p>\n<p>12.-\u00a0<a href=\"https:\/\/facilitamos.catedu.es\/secundarialengua\/?p=256\" target=\"_blank\">EL RENACIMIENTO<\/a><\/p>\n<p>13.-\u00a0<a title=\"Cervantes y El Quijote\" href=\"https:\/\/facilitamos.catedu.es\/secundarialengua\/?p=146\" target=\"_blank\">MIGUEL DE CERVANTES Y EL QUIJOTE<\/a><\/p>\n<p>14.- <a href=\"https:\/\/facilitamos.catedu.es\/secundarialengua\/?p=150\" target=\"_blank\">LITERATURA BARROCA<\/a><\/p>\n<p>15.-\u00a0<a href=\"https:\/\/facilitamos.catedu.es\/secundarialengua\/?p=302\" target=\"_blank\">LA LITERATURA DEL SIGLO XVIII<\/a><\/p>\n<p>16.-\u00a0<a href=\"https:\/\/facilitamos.catedu.es\/secundarialengua\/?p=448\" target=\"_blank\">LA LITERATURA EN ARAG\u00d3N DESDE LA EDAD MEDIA HASTA EL SIGLO XVIII<\/a><\/p>\n<p>17.-\u00a0<a href=\"https:\/\/facilitamos.catedu.es\/secundarialengua\/?p=449\" target=\"_blank\">ORTOGRAF\u00cdA<\/a><\/p>\n<p>&nbsp;<\/p>\n","protected":false},"excerpt":{"rendered":"<p>3\u00ba de E.S.O. Colaboradoras:\u00a0Ana Carrasquer Senar, Mar\u00eda Soledad Catal\u00e1n Mart\u00edn, Mar\u00eda Teresa Sainz Pezonaga, Mar\u00eda Dolores V\u00e1zquez Miranda. 1.- \u00a0EL TEXTO: TEXTOS ORALES Y ESCRITOS 2.- \u00a0TEXTOS DEL \u00c1MBITO ACAD\u00c9MICO 3.-\u00a0\u00a0TEXTOS DE LOS MEDIOS DE COMUNICACI\u00d3N 4.- \u00a0TEXTOS DE LA &hellip;<\/p>\n<p class=\"read-more\"> <a class=\"more-link\" href=\"https:\/\/facilitamos.catedu.es\/secundarialengua\/\"> <span class=\"screen-reader-text\">Unidades Did\u00e1cticas<\/span> Leer m\u00e1s \u00bb<\/a><\/p>\n","protected":false},"author":1,"featured_media":0,"parent":0,"menu_order":0,"comment_status":"open","ping_status":"open","template":"","meta":{"_monsterinsights_skip_tracking":false,"_monsterinsights_sitenote_active":false,"_monsterinsights_sitenote_note":"","_monsterinsights_sitenote_category":0,"footnotes":""},"class_list":["post-9","page","type-page","status-publish","hentry"],"_links":{"self":[{"href":"https:\/\/facilitamos.catedu.es\/secundarialengua\/wp-json\/wp\/v2\/pages\/9","targetHints":{"allow":["GET"]}}],"collection":[{"href":"https:\/\/facilitamos.catedu.es\/secundarialengua\/wp-json\/wp\/v2\/pages"}],"about":[{"href":"https:\/\/facilitamos.catedu.es\/secundarialengua\/wp-json\/wp\/v2\/types\/page"}],"author":[{"embeddable":true,"href":"https:\/\/facilitamos.catedu.es\/secundarialengua\/wp-json\/wp\/v2\/users\/1"}],"replies":[{"embeddable":true,"href":"https:\/\/facilitamos.catedu.es\/secundarialengua\/wp-json\/wp\/v2\/comments?post=9"}],"version-history":[{"count":29,"href":"https:\/\/facilitamos.catedu.es\/secundarialengua\/wp-json\/wp\/v2\/pages\/9\/revisions"}],"predecessor-version":[{"id":543,"href":"https:\/\/facilitamos.catedu.es\/secundarialengua\/wp-json\/wp\/v2\/pages\/9\/revisions\/543"}],"wp:attachment":[{"href":"https:\/\/facilitamos.catedu.es\/secundarialengua\/wp-json\/wp\/v2\/media?parent=9"}],"curies":[{"name":"wp","href":"https:\/\/api.w.org\/{rel}","templated":true}]}}