{"id":10,"date":"2014-01-27T10:53:07","date_gmt":"2014-01-27T10:53:07","guid":{"rendered":"http:\/\/facilitamos.catedu.es\/secundariamatematicas\/?page_id=10"},"modified":"2014-10-30T12:39:27","modified_gmt":"2014-10-30T12:39:27","slug":"unidades-didacticas","status":"publish","type":"page","link":"https:\/\/facilitamos.catedu.es\/secundariamatematicas\/","title":{"rendered":"Unidades Did\u00e1cticas"},"content":{"rendered":"<p><strong>Primero de ESO<\/strong><\/p>\n<p><em>Colaboradora: <strong>Mar\u00eda \u00c1ngeles Soriano Cazcarro<\/strong><\/em><\/p>\n<ol>\n<li><a href=\"https:\/\/facilitamos.catedu.es\/secundariamatematicas\/?p=43\" target=\"_blank\">Los n\u00fameros naturales<\/a><\/li>\n<li><a href=\"https:\/\/facilitamos.catedu.es\/secundariamatematicas\/?p=77\" target=\"_blank\">Los n\u00fameros enteros<\/a><\/li>\n<li><a href=\"https:\/\/facilitamos.catedu.es\/secundariamatematicas\/?p=92\" target=\"_blank\">Fracciones y divisibilidad<\/a><\/li>\n<li><a href=\"https:\/\/facilitamos.catedu.es\/secundariamatematicas\/?p=108\" target=\"_blank\">N\u00fameros decimales y Sistema M\u00e9trico Decimal<\/a><\/li>\n<li><a href=\"https:\/\/facilitamos.catedu.es\/secundariamatematicas\/?p=151\" target=\"_blank\">Proporcionalidad<\/a><\/li>\n<li><a href=\"https:\/\/facilitamos.catedu.es\/secundariamatematicas\/?p=161\" target=\"_blank\">\u00c1lgebra<\/a><\/li>\n<li><a href=\"https:\/\/facilitamos.catedu.es\/secundariamatematicas\/?p=201\" target=\"_blank\">Geometr\u00eda Plana<\/a><\/li>\n<li><a href=\"https:\/\/facilitamos.catedu.es\/secundariamatematicas\/?p=239\" target=\"_blank\">Funciones y Estad\u00edstica<\/a><\/li>\n<\/ol>\n","protected":false},"excerpt":{"rendered":"<p>Primero de ESO Colaboradora: Mar\u00eda \u00c1ngeles Soriano Cazcarro Los n\u00fameros naturales Los n\u00fameros enteros Fracciones y divisibilidad N\u00fameros decimales y Sistema M\u00e9trico Decimal Proporcionalidad \u00c1lgebra Geometr\u00eda Plana Funciones y Estad\u00edstica<\/p>\n","protected":false},"author":1,"featured_media":0,"parent":0,"menu_order":0,"comment_status":"open","ping_status":"open","template":"","meta":{"_monsterinsights_skip_tracking":false,"_monsterinsights_sitenote_active":false,"_monsterinsights_sitenote_note":"","_monsterinsights_sitenote_category":0,"footnotes":""},"class_list":["post-10","page","type-page","status-publish","hentry"],"_links":{"self":[{"href":"https:\/\/facilitamos.catedu.es\/secundariamatematicas\/wp-json\/wp\/v2\/pages\/10","targetHints":{"allow":["GET"]}}],"collection":[{"href":"https:\/\/facilitamos.catedu.es\/secundariamatematicas\/wp-json\/wp\/v2\/pages"}],"about":[{"href":"https:\/\/facilitamos.catedu.es\/secundariamatematicas\/wp-json\/wp\/v2\/types\/page"}],"author":[{"embeddable":true,"href":"https:\/\/facilitamos.catedu.es\/secundariamatematicas\/wp-json\/wp\/v2\/users\/1"}],"replies":[{"embeddable":true,"href":"https:\/\/facilitamos.catedu.es\/secundariamatematicas\/wp-json\/wp\/v2\/comments?post=10"}],"version-history":[{"count":11,"href":"https:\/\/facilitamos.catedu.es\/secundariamatematicas\/wp-json\/wp\/v2\/pages\/10\/revisions"}],"predecessor-version":[{"id":244,"href":"https:\/\/facilitamos.catedu.es\/secundariamatematicas\/wp-json\/wp\/v2\/pages\/10\/revisions\/244"}],"wp:attachment":[{"href":"https:\/\/facilitamos.catedu.es\/secundariamatematicas\/wp-json\/wp\/v2\/media?parent=10"}],"curies":[{"name":"wp","href":"https:\/\/api.w.org\/{rel}","templated":true}]}}