{"id":13,"date":"2014-01-27T10:52:34","date_gmt":"2014-01-27T10:52:34","guid":{"rendered":"http:\/\/facilitamos.catedu.es\/secundariatecnologia\/?page_id=13"},"modified":"2014-10-30T12:35:50","modified_gmt":"2014-10-30T12:35:50","slug":"unidades-didacticas","status":"publish","type":"page","link":"https:\/\/facilitamos.catedu.es\/secundariatecnologia\/","title":{"rendered":"Unidades Did\u00e1cticas"},"content":{"rendered":"<p><strong>4\u00ba E.S.O.<\/strong><\/p>\n<p><em>Colaborador:<strong>\u00a0Marta Perib\u00e1\u00f1ez Vela<\/strong><\/em><\/p>\n<ol>\n<li><a href=\"https:\/\/facilitamos.catedu.es\/secundariatecnologia\/?p=45\" target=\"_blank\">Instalaciones en viviendas<\/a><\/li>\n<li><a href=\"https:\/\/facilitamos.catedu.es\/secundariatecnologia\/?p=47\" target=\"_blank\">Electr\u00f3nica<\/a><\/li>\n<li><a href=\"https:\/\/facilitamos.catedu.es\/secundariatecnologia\/?p=48\" target=\"_blank\">Tecnolog\u00edas de la informaci\u00f3n y la comunicaci\u00f3n<\/a><\/li>\n<li><a href=\"https:\/\/facilitamos.catedu.es\/secundariatecnologia\/?p=49\" target=\"_blank\">Control y rob\u00f3tica<\/a><\/li>\n<li><a href=\"https:\/\/facilitamos.catedu.es\/secundariatecnologia\/?p=50\" target=\"_blank\">Neum\u00e1tica e hidr\u00e1ulica<\/a><\/li>\n<li><a href=\"https:\/\/facilitamos.catedu.es\/secundariatecnologia\/?p=51\" target=\"_blank\">Tecnolog\u00eda y Sociedad<\/a><\/li>\n<\/ol>\n","protected":false},"excerpt":{"rendered":"<p>4\u00ba E.S.O. Colaborador:\u00a0Marta Perib\u00e1\u00f1ez Vela Instalaciones en viviendas Electr\u00f3nica Tecnolog\u00edas de la informaci\u00f3n y la comunicaci\u00f3n Control y rob\u00f3tica Neum\u00e1tica e hidr\u00e1ulica Tecnolog\u00eda y Sociedad<\/p>\n","protected":false},"author":1,"featured_media":0,"parent":0,"menu_order":0,"comment_status":"open","ping_status":"open","template":"","meta":{"_monsterinsights_skip_tracking":false,"_monsterinsights_sitenote_active":false,"_monsterinsights_sitenote_note":"","_monsterinsights_sitenote_category":0,"footnotes":""},"class_list":["post-13","page","type-page","status-publish","hentry"],"_links":{"self":[{"href":"https:\/\/facilitamos.catedu.es\/secundariatecnologia\/wp-json\/wp\/v2\/pages\/13","targetHints":{"allow":["GET"]}}],"collection":[{"href":"https:\/\/facilitamos.catedu.es\/secundariatecnologia\/wp-json\/wp\/v2\/pages"}],"about":[{"href":"https:\/\/facilitamos.catedu.es\/secundariatecnologia\/wp-json\/wp\/v2\/types\/page"}],"author":[{"embeddable":true,"href":"https:\/\/facilitamos.catedu.es\/secundariatecnologia\/wp-json\/wp\/v2\/users\/1"}],"replies":[{"embeddable":true,"href":"https:\/\/facilitamos.catedu.es\/secundariatecnologia\/wp-json\/wp\/v2\/comments?post=13"}],"version-history":[{"count":12,"href":"https:\/\/facilitamos.catedu.es\/secundariatecnologia\/wp-json\/wp\/v2\/pages\/13\/revisions"}],"predecessor-version":[{"id":203,"href":"https:\/\/facilitamos.catedu.es\/secundariatecnologia\/wp-json\/wp\/v2\/pages\/13\/revisions\/203"}],"wp:attachment":[{"href":"https:\/\/facilitamos.catedu.es\/secundariatecnologia\/wp-json\/wp\/v2\/media?parent=13"}],"curies":[{"name":"wp","href":"https:\/\/api.w.org\/{rel}","templated":true}]}}